{"id":282,"date":"2024-04-15T16:58:26","date_gmt":"2024-04-15T16:58:26","guid":{"rendered":"http:\/\/montoya.clapat-themes.com\/?page_id=282"},"modified":"2026-05-05T23:24:30","modified_gmt":"2026-05-05T20:24:30","slug":"overlapping-gallery","status":"publish","type":"page","link":"https:\/\/medyakedisi.com.tr\/","title":{"rendered":"Overlapping Gallery"},"content":{"rendered":"\t\t<div data-elementor-type=\"wp-page\" data-elementor-id=\"282\" class=\"elementor elementor-282\">\n\t\t\t\t<div class=\"content-row-elementor elementor-element elementor-element-6127f5b e-con-full dark-section inherit-header-color full_elementor row_padding_left_elementor row_padding_right_elementor e-flex e-con e-parent\" data-id=\"6127f5b\" data-element_type=\"container\">\n\t\t\t\t<div class=\"elementor-element elementor-element-b8469c5 elementor-widget elementor-widget-montoya_portfolio_overlapping_gallery\" data-id=\"b8469c5\" data-element_type=\"widget\" data-widget_type=\"montoya_portfolio_overlapping_gallery.default\">\n\t\t\t\t<div class=\"elementor-widget-container\">\n\t\t\t\t\t<!-- Showcase List Holder --><div id=\"itemsWrapperLinks\"><!-- Showcase List --><div id=\"itemsWrapper\" class=\"webgl-fitthumbs fx-one\"><!-- Overlapping Gallery --><div class=\"overlapping-gallery\"><div class=\"overlapping-image\"><div class=\"overlapping-image-inner trigger-item\" data-centerLine=\"OPEN\"><div class=\"img-mask\"><a class=\"slide-link\" data-type=\"page-transition\" href=\"https:\/\/medyakedisi.com.tr\/?montoya_portfolio=humax\"><\/a><div class=\"section-image trigger-item-link\"><img decoding=\"async\" src=\"https:\/\/medyakedisi.com.tr\/wp-content\/uploads\/2026\/05\/anagorsel-scaled.jpg\" class=\"item-image grid__item-img\" alt=\"\"><img decoding=\"async\" class=\"grid__item-img grid__item-img--large\" src=\"https:\/\/medyakedisi.com.tr\/wp-content\/uploads\/2026\/05\/anagorsel-scaled.jpg\" alt=\"\" \/><\/div><\/div><div class=\"slide-caption trigger-item-link-secondary\"><div class=\"slide-title primary-font-title\"><span>Humax<\/span><\/div><div class=\"slide-date\"><span>2024<\/span><\/div><div class=\"slide-cat\"><span>Photo<\/span><\/div><\/div><\/div><\/div><div class=\"overlapping-image\"><div class=\"overlapping-image-inner trigger-item\" data-centerLine=\"OPEN\"><div class=\"img-mask\"><a class=\"slide-link\" data-type=\"page-transition\" href=\"https:\/\/medyakedisi.com.tr\/?montoya_portfolio=ezgardem\"><\/a><div class=\"section-image trigger-item-link\"><img decoding=\"async\" src=\"https:\/\/medyakedisi.com.tr\/wp-content\/uploads\/2026\/05\/Artboard-7.jpg\" class=\"item-image grid__item-img\" alt=\"\"><img decoding=\"async\" class=\"grid__item-img grid__item-img--large\" src=\"https:\/\/medyakedisi.com.tr\/wp-content\/uploads\/2026\/05\/Artboard-7.jpg\" alt=\"\" \/><\/div><\/div><div class=\"slide-caption trigger-item-link-secondary\"><div class=\"slide-title primary-font-title\"><span>Ezgardem<\/span><\/div><div class=\"slide-date\"><span>2024<\/span><\/div><div class=\"slide-cat\"><span>Photo<\/span><\/div><\/div><\/div><\/div><div class=\"overlapping-image\"><div class=\"overlapping-image-inner trigger-item\" data-centerLine=\"OPEN\"><div class=\"img-mask\"><a class=\"slide-link\" data-type=\"page-transition\" href=\"https:\/\/medyakedisi.com.tr\/?montoya_portfolio=gavego\"><\/a><div class=\"section-image trigger-item-link\"><img decoding=\"async\" src=\"https:\/\/medyakedisi.com.tr\/wp-content\/uploads\/2026\/05\/En-ust-ana-gorsel.jpg\" class=\"item-image grid__item-img\" alt=\"\"><img decoding=\"async\" class=\"grid__item-img grid__item-img--large\" src=\"https:\/\/medyakedisi.com.tr\/wp-content\/uploads\/2026\/05\/En-ust-ana-gorsel.jpg\" alt=\"\" \/><\/div><\/div><div class=\"slide-caption trigger-item-link-secondary\"><div class=\"slide-title primary-font-title\"><span>Gavego<\/span><\/div><div class=\"slide-date\"><span>2024<\/span><\/div><div class=\"slide-cat\"><span>Photo<\/span><\/div><\/div><\/div><\/div><div class=\"overlapping-image\"><div class=\"overlapping-image-inner trigger-item\" data-centerLine=\"OPEN\"><div class=\"img-mask\"><a class=\"slide-link\" data-type=\"page-transition\" href=\"https:\/\/medyakedisi.com.tr\/?montoya_portfolio=sume-bicak\"><\/a><div class=\"section-image trigger-item-link\"><img decoding=\"async\" src=\"https:\/\/medyakedisi.com.tr\/wp-content\/uploads\/2024\/04\/ana-gorsel.jpg\" class=\"item-image grid__item-img\" alt=\"\"><img decoding=\"async\" class=\"grid__item-img grid__item-img--large\" src=\"https:\/\/medyakedisi.com.tr\/wp-content\/uploads\/2024\/04\/ana-gorsel.jpg\" alt=\"\" \/><\/div><\/div><div class=\"slide-caption trigger-item-link-secondary\"><div class=\"slide-title primary-font-title\"><span>S\u00fcme B\u0131\u00e7ak<\/span><\/div><div class=\"slide-date\"><span>2024<\/span><\/div><div class=\"slide-cat\"><span>Photo<\/span><\/div><\/div><\/div><\/div><div class=\"overlapping-image\"><div class=\"overlapping-image-inner trigger-item\" data-centerLine=\"OPEN\"><div class=\"img-mask\"><a class=\"slide-link\" data-type=\"page-transition\" href=\"https:\/\/medyakedisi.com.tr\/?montoya_portfolio=milking-cloud-washlog\"><\/a><div class=\"section-image trigger-item-link\"><img decoding=\"async\" src=\"https:\/\/medyakedisi.com.tr\/wp-content\/uploads\/2024\/10\/ana-gorsel-1.jpg\" class=\"item-image grid__item-img\" alt=\"\"><img decoding=\"async\" class=\"grid__item-img grid__item-img--large\" src=\"https:\/\/medyakedisi.com.tr\/wp-content\/uploads\/2024\/10\/ana-gorsel-1.jpg\" alt=\"\" \/><\/div><\/div><div class=\"slide-caption trigger-item-link-secondary\"><div class=\"slide-title primary-font-title\"><span>Milking Cloud<\/span><\/div><div class=\"slide-date\"><span>2024<\/span><\/div><div class=\"slide-cat\"><span>Photo<\/span><\/div><\/div><\/div><\/div><\/div><!--\/Overlapping Gallery--><\/div><!--\/Showcase List--><\/div><!--\/Showcase List Holder-->\t\t\t\t<\/div>\n\t\t\t\t<\/div>\n\t\t\t\t<\/div>\n\t\t<div class=\"content-row-elementor elementor-element elementor-element-3ff0be2 full_elementor dark-section inherit-header-color e-flex e-con-boxed e-con e-parent\" data-id=\"3ff0be2\" data-element_type=\"container\">\n\t\t\t\t\t<div class=\"e-con-inner\">\n\t\t\t\t<div class=\"elementor-element elementor-element-5b15cd0 elementor-widget elementor-widget-spacer\" data-id=\"5b15cd0\" data-element_type=\"widget\" data-widget_type=\"spacer.default\">\n\t\t\t\t<div class=\"elementor-widget-container\">\n\t\t\t\t\t\t\t<div class=\"elementor-spacer\">\n\t\t\t<div class=\"elementor-spacer-inner\"><\/div>\n\t\t<\/div>\n\t\t\t\t\t\t<\/div>\n\t\t\t\t<\/div>\n\t\t\t\t<div class=\"elementor-element elementor-element-dca6a1b elementor-widget elementor-widget-text-editor\" data-id=\"dca6a1b\" data-element_type=\"widget\" data-widget_type=\"text-editor.default\">\n\t\t\t\t<div class=\"elementor-widget-container\">\n\t\t\t\t\t\t\t\t\t<p>MEDYA KED\u0130S\u0130 S\u0130Z\u0130N \u0130\u00c7\u0130N EN YEN\u0130, EN YETK\u0130L\u0130<\/p><p>VE EN KREAT\u0130F F\u0130K\u0130RLERLE EN \u0130Y\u0130S\u0130N\u0130 HEDEFLER.<\/p>\t\t\t\t\t\t\t\t<\/div>\n\t\t\t\t<\/div>\n\t\t\t\t\t<\/div>\n\t\t\t\t<\/div>\n\t\t<div class=\"content-row-elementor elementor-element elementor-element-ca16033 e-con-full dark-section inherit-header-color full_elementor row_padding_left_elementor row_padding_right_elementor e-flex e-con e-parent\" data-id=\"ca16033\" data-element_type=\"container\" data-settings=\"{&quot;background_background&quot;:&quot;classic&quot;}\">\n\t\t\t\t<div class=\"elementor-element elementor-element-75b2ad9 elementor-widget elementor-widget-montoya_list_rotator\" data-id=\"75b2ad9\" data-element_type=\"widget\" data-widget_type=\"montoya_list_rotator.default\">\n\t\t\t\t<div class=\"elementor-widget-container\">\n\t\t\t\t\t<div class=\"list-rotator-wrapper\"><div class=\"list-rotator-title\">OUR SKILLS COVER<\/div><div class=\"list-rotator-pin\"><ul class=\"list-rotator primary-font-title\"><li>Web Sitesi<\/li><li>Sosyal Medya<\/li><li>Grafik Tasar\u0131m<\/li><li>Video Prod\u00fcksiyon<\/li><li>\u00dcr\u00fcn Fotograf\u00e7\u0131l\u0131g\u0131<\/li><li>Marka Stratejisi<\/li><li>Kurumsal Kimlik<\/li><li>\u00dcr\u00fcn tasar\u0131m\u0131<\/li><li>Etkinlik ve tan\u0131t\u0131m \u00e7ekimleri<\/li><li>D\u0131s \u00c7ekim<\/li><\/ul><\/div><\/div>\t\t\t\t<\/div>\n\t\t\t\t<\/div>\n\t\t\t\t<\/div>\n\t\t<div class=\"content-row-elementor elementor-element elementor-element-c817a7b full_elementor dark-section inherit-header-color e-flex e-con-boxed e-con e-parent\" data-id=\"c817a7b\" data-element_type=\"container\" data-settings=\"{&quot;background_background&quot;:&quot;classic&quot;}\">\n\t\t\t\t\t<div class=\"e-con-inner\">\n\t\t<div class=\"content-row-elementor elementor-element elementor-element-e62f213 e-con-full dark-section inherit-header-color full_elementor row_padding_left_elementor row_padding_right_elementor e-flex e-con e-child\" data-id=\"e62f213\" data-element_type=\"container\">\n\t\t\t\t<div class=\"elementor-element elementor-element-577ac39 text-align-center elementor-widget elementor-widget-montoya_icon_box\" data-id=\"577ac39\" data-element_type=\"widget\" data-widget_type=\"montoya_icon_box.default\">\n\t\t\t\t<div class=\"elementor-widget-container\">\n\t\t\t\t\t<div class=\"box-icon-wrapper block-boxes\"><div class=\"box-icon\"><svg aria-hidden=\"true\" class=\"e-font-icon-svg e-far-paper-plane\" viewBox=\"0 0 512 512\" xmlns=\"http:\/\/www.w3.org\/2000\/svg\"><path d=\"M440 6.5L24 246.4c-34.4 19.9-31.1 70.8 5.7 85.9L144 379.6V464c0 46.4 59.2 65.5 86.6 28.6l43.8-59.1 111.9 46.2c5.9 2.4 12.1 3.6 18.3 3.6 8.2 0 16.3-2.1 23.6-6.2 12.8-7.2 21.6-20 23.9-34.5l59.4-387.2c6.1-40.1-36.9-68.8-71.5-48.9zM192 464v-64.6l36.6 15.1L192 464zm212.6-28.7l-153.8-63.5L391 169.5c10.7-15.5-9.5-33.5-23.7-21.2L155.8 332.6 48 288 464 48l-59.4 387.3z\"><\/path><\/svg><\/div><div class=\"box-icon-content\"><h6 class=\"no-margins\">info@medyakedisi.com.tr<\/h6><p>Email<\/p><\/div><\/div>\t\t\t\t<\/div>\n\t\t\t\t<\/div>\n\t\t\t\t<\/div>\n\t\t<div class=\"content-row-elementor elementor-element elementor-element-04e839a e-con-full dark-section inherit-header-color full_elementor row_padding_left_elementor row_padding_right_elementor e-flex e-con e-child\" data-id=\"04e839a\" data-element_type=\"container\" data-settings=\"{&quot;background_background&quot;:&quot;classic&quot;}\">\n\t\t\t\t<div class=\"elementor-element elementor-element-e0073b5 text-align-center elementor-widget elementor-widget-montoya_icon_box\" data-id=\"e0073b5\" data-element_type=\"widget\" data-widget_type=\"montoya_icon_box.default\">\n\t\t\t\t<div class=\"elementor-widget-container\">\n\t\t\t\t\t<div class=\"box-icon-wrapper block-boxes\"><div class=\"box-icon\"><svg aria-hidden=\"true\" class=\"e-font-icon-svg e-fas-map-marker-alt\" viewBox=\"0 0 384 512\" xmlns=\"http:\/\/www.w3.org\/2000\/svg\"><path d=\"M172.268 501.67C26.97 291.031 0 269.413 0 192 0 85.961 85.961 0 192 0s192 85.961 192 192c0 77.413-26.97 99.031-172.268 309.67-9.535 13.774-29.93 13.773-39.464 0zM192 272c44.183 0 80-35.817 80-80s-35.817-80-80-80-80 35.817-80 80 35.817 80 80 80z\"><\/path><\/svg><\/div><div class=\"box-icon-content\"><h6 class=\"no-margins\">Fatih Cad. Hac\u0131siyam Mah. No:98 Merkez \/ G\u0130RESUN<\/h6><p>Adres<\/p><\/div><\/div>\t\t\t\t<\/div>\n\t\t\t\t<\/div>\n\t\t\t\t<\/div>\n\t\t<div class=\"content-row-elementor elementor-element elementor-element-c227d35 e-con-full dark-section inherit-header-color full_elementor row_padding_left_elementor row_padding_right_elementor e-flex e-con e-child\" data-id=\"c227d35\" data-element_type=\"container\">\n\t\t\t\t<div class=\"elementor-element elementor-element-b99529a text-align-center elementor-widget elementor-widget-montoya_icon_box\" data-id=\"b99529a\" data-element_type=\"widget\" data-widget_type=\"montoya_icon_box.default\">\n\t\t\t\t<div class=\"elementor-widget-container\">\n\t\t\t\t\t<div class=\"box-icon-wrapper block-boxes\"><div class=\"box-icon\"><svg aria-hidden=\"true\" class=\"e-font-icon-svg e-fas-phone\" viewBox=\"0 0 512 512\" xmlns=\"http:\/\/www.w3.org\/2000\/svg\"><path d=\"M493.4 24.6l-104-24c-11.3-2.6-22.9 3.3-27.5 13.9l-48 112c-4.2 9.8-1.4 21.3 6.9 28l60.6 49.6c-36 76.7-98.9 140.5-177.2 177.2l-49.6-60.6c-6.8-8.3-18.2-11.1-28-6.9l-112 48C3.9 366.5-2 378.1.6 389.4l24 104C27.1 504.2 36.7 512 48 512c256.1 0 464-207.5 464-464 0-11.2-7.7-20.9-18.6-23.4z\"><\/path><\/svg><\/div><div class=\"box-icon-content\"><h6 class=\"no-margins\">0 (544) 804 84 05 <br> 0 (543) 577 75 67<\/h6><p>Telefon<\/p><\/div><\/div>\t\t\t\t<\/div>\n\t\t\t\t<\/div>\n\t\t\t\t<\/div>\n\t\t\t\t\t<\/div>\n\t\t\t\t<\/div>\n\t\t\t\t<\/div>\n\t\t","protected":false},"excerpt":{"rendered":"<p>Humax2024PhotoEzgardem2024PhotoGavego2024PhotoS\u00fcme B\u0131\u00e7ak2024PhotoMilking Cloud2024Photo MEDYA KED\u0130S\u0130 S\u0130Z\u0130N \u0130\u00c7\u0130N EN YEN\u0130, EN YETK\u0130L\u0130 VE EN KREAT\u0130F F\u0130K\u0130RLERLE EN \u0130Y\u0130S\u0130N\u0130 HEDEFLER. OUR SKILLS COVER Web Sitesi Sosyal Medya Grafik Tasar\u0131m Video Prod\u00fcksiyon \u00dcr\u00fcn Fotograf\u00e7\u0131l\u0131g\u0131 Marka Stratejisi Kurumsal Kimlik \u00dcr\u00fcn tasar\u0131m\u0131 Etkinlik ve tan\u0131t\u0131m \u00e7ekimleri D\u0131s \u00c7ekim info@medyakedisi.com.tr Email Fatih Cad. Hac\u0131siyam Mah. No:98 Merkez \/ G\u0130RESUN Adres 0 [&hellip;]<\/p>\n","protected":false},"author":1,"featured_media":0,"parent":0,"menu_order":0,"comment_status":"closed","ping_status":"closed","template":"","meta":{"footnotes":""},"class_list":["post-282","page","type-page","status-publish","hentry"],"_links":{"self":[{"href":"https:\/\/medyakedisi.com.tr\/index.php?rest_route=\/wp\/v2\/pages\/282","targetHints":{"allow":["GET"]}}],"collection":[{"href":"https:\/\/medyakedisi.com.tr\/index.php?rest_route=\/wp\/v2\/pages"}],"about":[{"href":"https:\/\/medyakedisi.com.tr\/index.php?rest_route=\/wp\/v2\/types\/page"}],"author":[{"embeddable":true,"href":"https:\/\/medyakedisi.com.tr\/index.php?rest_route=\/wp\/v2\/users\/1"}],"replies":[{"embeddable":true,"href":"https:\/\/medyakedisi.com.tr\/index.php?rest_route=%2Fwp%2Fv2%2Fcomments&post=282"}],"version-history":[{"count":13,"href":"https:\/\/medyakedisi.com.tr\/index.php?rest_route=\/wp\/v2\/pages\/282\/revisions"}],"predecessor-version":[{"id":3181,"href":"https:\/\/medyakedisi.com.tr\/index.php?rest_route=\/wp\/v2\/pages\/282\/revisions\/3181"}],"wp:attachment":[{"href":"https:\/\/medyakedisi.com.tr\/index.php?rest_route=%2Fwp%2Fv2%2Fmedia&parent=282"}],"curies":[{"name":"wp","href":"https:\/\/api.w.org\/{rel}","templated":true}]}}